{"id":3,"date":"2024-01-29T15:27:58","date_gmt":"2024-01-29T15:27:58","guid":{"rendered":"https:\/\/morenica.ciacformazione.it\/?page_id=3"},"modified":"2024-06-26T12:43:31","modified_gmt":"2024-06-26T12:43:31","slug":"privacy-policy","status":"publish","type":"page","link":"https:\/\/morenica.ciacformazione.it\/index.php\/privacy-policy\/","title":{"rendered":"Privacy Policy"},"content":{"rendered":"\n<p><strong><em>La tutela della vostra Privacy \u00e8 uno dei nostri principali obiettivi.<\/em><\/strong><\/p>\n\n\n\n<p>La presente per fornirVi di seguito le fondamentali informazioni ai sensi dell\u2019art. 13 Regolamento UE n. 2016\/679 (in seguito, \u201cRGPD\u201d) riguardanti il trattamento dei Vostri dati personali da parte di CIAC S.c.r.l. in relazione alla Vostra navigazione sul presente sito e all\u2019utilizzo dei servizi offerti. CIAC S.c.r.l. ha sempre preso sul serio la protezione dei dati. lavora costantemente per aggiornare i processi e la documentazione in modo da essere conformi al Regolamento generale sulla protezione dei dati (RGPD), la legge europea in materia di protezione dei dati personali. CIAC S.c.r.l. manterr\u00e0 sempre aggiornati i propri servizi atti a soddisfi i requisiti della normativa sul trattamento dei dati personali tempo per tempo vigente.<\/p>\n\n\n\n<p>CIAC S.c.r.l. nell\u2019ambito delle proprie politiche aziendali che tendono a mettere al centro dei propri sforzi l\u2019attenzione agli Utenti e la cura della qualit\u00e0 dei propri servizi, comprende l\u2019importanza e attribuisce valore al fatto che la protezione della vostra privacy siano fondamentali per voi.<\/p>\n\n\n\n<p>CIAC S.c.r.l. si impegna a non diffondere, vendere o scambiare i vostri dati personali senza la vostra autorizzazione. Gli Utenti potranno scegliere la maniera in cui le loro informazioni saranno utilizzate, nel rispetto delle condizioni indicate nel presente documento sulla riservatezza dei dati.<\/p>\n\n\n\n<ol class=\"wp-block-list\">\n<li><strong><u>Titolare e responsabili<\/u><\/strong><\/li>\n<\/ol>\n\n\n\n<p>Titolare del trattamento \u00e8 la Societ\u00e0 CIAC S.c.r.l. con sede operativa Rivarolo Canavese (TO), Corso Re Arduino n 50, e per suo conto il Direttore Generale domiciliato per la funzione presso la sopra citata sede. Il Responsabile della Protezione dei Dati (DPO) \u00e8 domiciliato per la funzione presso la sede sopra citata. I nominativi dei predetti soggetti e l\u2019elenco dei Responsabili o delle categorie di soggetti a cui possono essere comunicati i dati sono consultabili alla sezione \u201cComunicazione Dati\u201d del presente documento. L\u2019elenco nominativo dettagliato ed aggiornato dei Responsabili e degli incaricati al trattamento \u00e8 custodito presso la sede del Titolare del trattamento e pu\u00f2 essere richiesto scrivendo alla mail:&nbsp;<a href=\"mailto:privacy@ciacformazione.it\">privacy@ciacformazione.it<\/a><\/p>\n\n\n\n<p><strong><u>Dati personali oggetto del trattamento<\/u><\/strong><\/p>\n\n\n\n<p>Il Titolare tratta i dati personali, identificativi e non sensibili o particolari come definiti dall\u2019art. 9 del RGPD (a titolo esemplificativo ma non esaustivo, nome, cognome, ragione sociale, indirizzo, telefono, e-mail \u2013 in seguito, \u201cdati personali\u201d o anche \u201cdati\u201d) da Voi comunicati al sito web:\u00a0<a href=\"https:\/\/ciacformazione.it\/\">https:\/\/ciacformazione.it<\/a>\u00a0del Titolare (in seguito, \u201cSito\u201d) e\/o altro strumento digitale (a titolo esemplificativo e non esaustivo app\u00a0mobile del Titolare), della compilazione di form di iscrizione tramite il Sito a servizi proposti dal Titolare, della richiesta on-line di chiarimenti o richieste di supporto e dell\u2019invio di newsletter.<\/p>\n\n\n\n<ol class=\"wp-block-list\" start=\"2\">\n<li><strong><u>Finalit\u00e0 del trattamento<\/u><\/strong><\/li>\n<\/ol>\n\n\n\n<p>I dati forniti saranno utilizzati per soddisfare le vostre esigenze e rendere i servizi sempre pi\u00f9 vicini alle vostre preferenze. I vostri dati personali saranno forniti ad un fornitore o ad un partner solo per garantire che riceviate un servizio che avete richiesto, secondo le modalit\u00e0 da voi richieste, al momento giusto, al posto giusto e con il nominativo giusto e con le preferenze espresse.<\/p>\n\n\n\n<p>In nessun caso tale attivit\u00e0 comporter\u00e0 la creazione di archivi patrimoniali o di profilazione presso il Titolare.<\/p>\n\n\n\n<p>I Vostri dati personali sono trattati:<\/p>\n\n\n\n<p>A) senza il Vostro consenso espresso art. 6 lett. b), e) RGPD), per le seguenti Finalit\u00e0 di Servizio:<\/p>\n\n\n\n<ul class=\"wp-block-list\">\n<li>gestire e mantenere il Sito;<\/li>\n\n\n\n<li>permettervi di fruire dei Servizi proposti nel Sito;<\/li>\n\n\n\n<li>adempiere agli obblighi previsti dalla legge, da un regolamento, dalla normativa comunitaria o da un ordine dell\u2019Autorit\u00e0 di controllo;<\/li>\n\n\n\n<li>prevenire o scoprire attivit\u00e0 fraudolente o abusi dannosi per il Sito ed il Titolare;<\/li>\n\n\n\n<li>esercitare i diritti del Titolare, come l\u2019esercizio di un diritto in sede giudiziaria.<\/li>\n<\/ul>\n\n\n\n<p>L\u2019inoltro, tramite il Sito, dei vostri dati varr\u00e0 come conferma della volont\u00e0 di richiedere il servizio sopra descritto.<\/p>\n\n\n\n<p>Nei casi sopra indicati la base giuridica del trattamento dei vostri dati personali consiste nel dare esecuzione ad un contratto, anche implicito, con voi o nel provvedere a fornire il servizio che avete specificatamente richiesto oppure nel dare seguito ad un obbligo di legge o nel tutelare un nostro interesse legittimo.<\/p>\n\n\n\n<p>B) Solo previo Vostro specifico e distinto consenso (art. 7 RGPD) per le seguenti Altre Finalit\u00e0:<\/p>\n\n\n\n<p>inviarvi via e-mail materiale informativo e pubblicitario o newsletter inerente le attivit\u00e0 di CIAC, per tale servizio il Titolare potr\u00e0 avvalersi di un portale di un fornitore specializzato nella gestione dell\u2019invio massivo di mail all\u2019uopo individuato e nominato Responsabile ai sensi dell\u2019art. 28 del RGPD.<\/p>\n\n\n\n<p>Nelle specifiche pagine del Sito in cui verranno richiesti i vostri dati personali sar\u00e0 sempre presente una specifica richiesta di consenso per i trattamenti opzionali previsti.<\/p>\n\n\n\n<p>L\u2019inoltro, tramite il Sito, dei vostri dati varr\u00e0 come conferma della volont\u00e0 di richiedere il servizio sopra descritto.<\/p>\n\n\n\n<p>Per eventuali ulteriori finalit\u00e0 opzionali sar\u00e0 sempre preventivamente richiesto il vostro consenso tramite invio di e-mail all\u2019indirizzo mail registrato.<\/p>\n\n\n\n<ol class=\"wp-block-list\" start=\"3\">\n<li><strong><u>Modalit\u00e0 del trattamento<\/u><\/strong><\/li>\n<\/ol>\n\n\n\n<p>Il trattamento dei vostri dati personali \u00e8 realizzato per mezzo delle operazioni indicate all\u2019art. 4 n. 2) RGPD e precisamente: raccolta, registrazione, organizzazione, conservazione, consultazione, elaborazione, modificazione, selezione, estrazione, raffronto, utilizzo, interconnessione, blocco, comunicazione, cancellazione e distruzione dei dati. I vostri dati personali sono sottoposti a trattamento sia cartaceo che elettronico e\/o automatizzato.&nbsp;<\/p>\n\n\n\n<p>Il Titolare ha adottato e fatto adottare dai propri fornitori di servizi una gran variet\u00e0 di misure di sicurezza per proteggere i vostri dati contro il rischio di perdita, abuso o alterazione. In particolare: ha adottato idonee misure di cui all\u2019art. 32 RGPD; utilizza tal l\u2019altro, quando necessario, la tecnologia della pseudonimizzazione e della cifratura dei dati ed i protocolli protetti di trasmissione dei dati.<\/p>\n\n\n\n<ol class=\"wp-block-list\" start=\"4\">\n<li><strong><u>Comunicazione dei dati<\/u><\/strong><\/li>\n<\/ol>\n\n\n\n<p>I Vostri dati non saranno diffusi.<\/p>\n\n\n\n<p>Senza il Vostro espresso consenso art. 6 lett. b) e c) RGPD), il Titolare potr\u00e0 comunicare i Vostri dati:<\/p>\n\n\n\n<ul class=\"wp-block-list\">\n<li>per le finalit\u00e0 di cui all\u2019art.3.A) a Organismi di vigilanza, Autorit\u00e0 giudiziarie nonch\u00e9 a tutti gli altri soggetti ai quali la comunicazione sia obbligatoria per legge per l\u2019espletamento delle finalit\u00e0 dette.<\/li>\n\n\n\n<li>per le finalit\u00e0 di cui all\u2019art. 3.A) e 3.B) \u2022 a dipendenti e collaboratori del Titolare, nella loro qualit\u00e0 di Incaricati e\/o Responsabili del trattamento formalmente nominati;<\/li>\n\n\n\n<li>a societ\u00e0 terze o altri soggetti che svolgono attivit\u00e0 in outsourcing per conto del Titolare, nella loro qualit\u00e0 di Responsabili esterni del trattamento<\/li>\n<\/ul>\n\n\n\n<p>Rappresentante del Titolare:&nbsp; &nbsp; &nbsp; &nbsp; &nbsp; &nbsp; &nbsp; &nbsp; &nbsp; &nbsp; &nbsp; &nbsp; &nbsp; &nbsp; &nbsp; &nbsp; &nbsp;&nbsp;<strong>&nbsp; Cristina Ghiringhello<\/strong><\/p>\n\n\n\n<p>Responsabile Protezione Dati (DPO)\u00a0 \u00a0 \u00a0 \u00a0 \u00a0 \u00a0 \u00a0 \u00a0 \u00a0 \u00a0 \u00a0\u00a0<strong>Massimo Maria Mattei<\/strong><\/p>\n\n\n\n<p>Categorie di Responsabili individuate<\/p>\n\n\n\n<figure class=\"wp-block-table aligncenter\"><table><tbody><tr><td><strong>Categoria responsabili<\/strong><br><\/td><td><strong>Dati \/finalit\u00e0<\/strong><\/td><\/tr><tr><td>Gestori di servizi informatici<\/td><td>Dati di clienti, terze parti, dipendenti, collaboratori per assistenza sistemistica per servizi specifici di volta in volta individuati<\/td><\/tr><\/tbody><\/table><\/figure>\n\n\n\n<ol class=\"wp-block-list\" start=\"5\">\n<li><strong><u>Trasferimento dati<\/u><\/strong><\/li>\n<\/ol>\n\n\n\n<p>La gestione e la conservazione dei dati personali avverranno in Europa, su server ubicati in Italia del Titolare e\/o di societ\u00e0 terze incaricate e debitamente nominate quali Responsabili esterni del trattamento. Solo per ragioni tecniche di invio della newsletter potrebbero essere inviati i vostri dati, inseriti nella registrazione per il servizio specifico, fuori dello SEE.<\/p>\n\n\n\n<ol class=\"wp-block-list\" start=\"6\">\n<li><strong><u>Tempo di conservazione dei dati trattati<\/u><\/strong><\/li>\n<\/ol>\n\n\n\n<p>Il Titolare tratter\u00e0 i dati personali per il tempo necessario per adempiere alle finalit\u00e0 di cui sopra, rispettando sempre i termini di legge eventualmente di volta in volta fissati, e comunque.<\/p>\n\n\n\n<p>Per determinare il periodo di conservazione appropriato per i dati personali, il Titolare tiene conto della quantit\u00e0, della natura e della sensibilit\u00e0 dei dati, del rischio potenziale di danno derivante da trattamento o divulgazione non autorizzati, degli scopi per cui vengono trattati, della possibilit\u00e0 di raggiungere gli stessi scopi con altri mezzi, nonch\u00e9 dei requisiti legali.<\/p>\n\n\n\n<ul class=\"wp-block-list\">\n<li>per le richieste di informazioni per 60 giorni dalla data di inoltro delle informazioni;<\/li>\n\n\n\n<li>I dati dei candidati a \u201cLavorare con noi\u201d non selezionati saranno conservati 6 mesi dall\u2019inoltro della candidatura<\/li>\n\n\n\n<li>per la newsletter e l\u2019invio del materiale informativo indefinitamente, l\u2019utente potr\u00e0 in ogni momento cancellare i propri dati seguendo le indicazioni presenti nel pi\u00e8 di pagina delle specifiche mail inviate.<\/li>\n<\/ul>\n\n\n\n<p>Il Titolare si riserva di conservare determinate informazioni, ad esempio, se ci\u00f2 fosse necessario per adempiere a obblighi di legge o per tutelare, prevenire frodi o abusi e difendere o esercitare i propri diritti.<\/p>\n\n\n\n<ol class=\"wp-block-list\" start=\"7\">\n<li><strong><u>Diritti dell\u2019interessato<\/u><\/strong><\/li>\n<\/ol>\n\n\n\n<p>Nella Vostra qualit\u00e0 di Interessati, avete i diritti di cui agli artt. da 15 a 22 del RGPD e precisamente i diritti di:<\/p>\n\n\n\n<p>\u2022 i. ottenere la conferma dell&#8217;esistenza o meno di dati personali che Vi riguardano, anche se non ancora registrati, e la loro comunicazione in forma intelligibile;<\/p>\n\n\n\n<p>\u2022 ii. ottenere l&#8217;indicazione: a) dell&#8217;origine dei dati personali; b) delle finalit\u00e0 e modalit\u00e0 del trattamento; c) della logica applicata in caso di trattamento effettuato con l&#8217;ausilio di strumenti elettronici; d) degli estremi identificativi del titolare, dei responsabili e del rappresentante designato ai sensi art. 3, comma 1, RGPD; e) dei soggetti o delle categorie di soggetti ai quali i dati personali possono essere comunicati o che possono venirne a conoscenza in qualit\u00e0 di rappresentante designato nel territorio dello Stato, di responsabili o incaricati;<\/p>\n\n\n\n<p>\u2022 iii. ottenere: a) l&#8217;aggiornamento, la rettificazione ovvero, quando vi avete interesse, l&#8217;integrazione dei dati; b) la cancellazione, la trasformazione in forma anonima o il blocco dei dati trattati in violazione di legge, compresi quelli di cui non \u00e8 necessaria la conservazione in relazione agli scopi per i quali i dati sono stati raccolti o successivamente trattati; c) l&#8217;attestazione che le operazioni di cui alle lettere a) e b) sono state portate a conoscenza, anche per quanto riguarda il loro contenuto, di coloro ai quali i dati sono stati comunicati o diffusi, eccettuato il caso in cui tale adempimento si rivela impossibile o comporta un impiego di mezzi manifestamente sproporzionato rispetto al diritto tutelato;<\/p>\n\n\n\n<p>\u2022 iv. opporsi, in tutto o in parte: a) per motivi legittimi al trattamento dei dati personali che Vi riguardano, ancorch\u00e9 pertinenti allo scopo della raccolta; b) al trattamento di dati personali che Vi riguardano a fini di invio di materiale pubblicitario o di vendita diretta o per il compimento di ricerche di mercato o di comunicazione commerciale, mediante l\u2019uso di sistemi automatizzati di chiamata senza l\u2019intervento di un operatore mediante e-mail e\/o mediante modalit\u00e0 di marketing tradizionali mediante telefono e\/o posta cartacea. Si fa presente che il diritto di opposizione dell\u2019interessato, esposto al precedente punto b), per finalit\u00e0 di marketing diretto mediante modalit\u00e0 automatizzate si estende a quelle tradizionali e che comunque resta salva la possibilit\u00e0 per l\u2019interessato di esercitare il diritto di opposizione anche solo in parte. Pertanto, l\u2019interessato pu\u00f2 decidere di ricevere solo comunicazioni mediante modalit\u00e0 tradizionali ovvero solo comunicazioni automatizzate oppure nessuna delle due tipologie di comunicazione.<\/p>\n\n\n\n<p>Ove applicabili, avete altres\u00ec i diritti di cui agli artt. 16-21 RGPD (Diritto di rettifica, diritto all\u2019oblio, diritto di limitazione di trattamento, diritto alla portabilit\u00e0 dei dati, diritto di opposizione), nonch\u00e9 il diritto di reclamo all\u2019Autorit\u00e0 di controllo (Garante).<\/p>\n\n\n\n<p>Si ricorda che chiunque abbia conferito i propri dati personali potr\u00e0 esercitare i diritti di cui agli articoli 12, da 15 a 22, 34 del Regolamento e successive modifiche ed integrazioni, quali in particolare l\u2019accesso ai dati, la loro portabilit\u00e0, la rettifica e la cancellazione dei medesimi, opponendosi al trattamento o limitandone l\u2019ambito nei casi previsti dal Regolamento. Per l\u2019esercizio di tali diritti, l\u2019interessato potr\u00e0 rivolgersi, mediante istanza formale, al Titolare, nonch\u00e9 rivolgersi, ove ravvisi violazioni, all\u2019autorit\u00e0 di controllo. Per ogni contatto inerente eventuali problemi o dubbi o assistenza sulla gestione dei dati personali potr\u00e0 scrivere all\u2019indirizzo mail:&nbsp;<a href=\"mailto:privacy@ciacformazione.it\">privacy@ciacformazione.it<\/a><\/p>\n\n\n\n<ol class=\"wp-block-list\" start=\"8\">\n<li><strong><u>Utenti Minorenni<\/u><\/strong><\/li>\n<\/ol>\n\n\n\n<p>I box di invio dati presenti su questo sito non sono destinati a minori di 16 anni. Il Titolare non raccoglie intenzionalmente informazioni personali riferite soggetti minori di 16 anni. Nel caso in cui informazioni su minori fossero involontariamente registrate, il Titolare le canceller\u00e0 in modo tempestivo, su richiesta formale degli utenti comprovante la loro potest\u00e0 genitoriale.<\/p>\n\n\n\n<ol class=\"wp-block-list\" start=\"9\">\n<li><strong><u>Link esterni<\/u><\/strong><\/li>\n<\/ol>\n\n\n\n<p>Il Sito potrebbe includere link a siti web, plug-in e applicazioni di terze parti. Se l&#8217;utente accedesse ad altri siti web dai link forniti sul Sito, gli operatori di tali siti web potrebbero raccogliere o condividere informazioni dell&#8217;utente. Tali informazioni verranno trattate secondo le normative sulla privacy di tali siti, che potrebbero differire dalla presente Normativa sulla privacy. il Titolare non controlla i siti web di terze parti, si consiglia pertanto di prendere visione delle normative sulla privacy pubblicate su tali siti al fine di comprenderne le procedure di raccolta, trattamento e divulgazione dei dati personali.<\/p>\n\n\n\n<ol class=\"wp-block-list\" start=\"10\">\n<li><strong><u>Modifiche alla presente Informativa<\/u><\/strong><\/li>\n<\/ol>\n\n\n\n<p>La presente Informativa pu\u00f2 subire variazioni.<\/p>\n\n\n\n<p>Si consiglia, quindi, di controllare regolarmente questa Informativa e di riferirsi alla versione pi\u00f9 aggiornata. La versione aggiornata della policy privacy, in ogni caso, viene pubblicata in questa pagina, con indicazione della data del suo ultimo aggiornamento.<\/p>\n\n\n\n<p><strong>Ultimo aggiornamento in data 25 luglio 2023.<\/strong><\/p>\n","protected":false},"excerpt":{"rendered":"<p>La tutela della vostra Privacy \u00e8 uno dei nostri principali obiettivi. La presente per fornirVi di seguito le fondamentali informazioni ai sensi dell\u2019art. 13 Regolamento UE n. 2016\/679 (in seguito, \u201cRGPD\u201d) riguardanti il trattamento dei Vostri dati personali da parte di CIAC S.c.r.l. in relazione alla Vostra navigazione sul presente sito e all\u2019utilizzo dei servizi [&hellip;]<\/p>\n","protected":false},"author":1,"featured_media":0,"parent":0,"menu_order":0,"comment_status":"closed","ping_status":"open","template":"","meta":{"footnotes":""},"class_list":["post-3","page","type-page","status-publish","hentry"],"yoast_head":"<!-- This site is optimized with the Yoast SEO plugin v27.2 - https:\/\/yoast.com\/product\/yoast-seo-wordpress\/ -->\n<title>Privacy Policy - Morenica Ristorante Didattico - Ivrea<\/title>\n<meta name=\"robots\" content=\"index, follow, max-snippet:-1, max-image-preview:large, max-video-preview:-1\" \/>\n<link rel=\"canonical\" href=\"https:\/\/morenica.ciacformazione.it\/index.php\/privacy-policy\/\" \/>\n<meta property=\"og:locale\" content=\"it_IT\" \/>\n<meta property=\"og:type\" content=\"article\" \/>\n<meta property=\"og:title\" content=\"Privacy Policy - Morenica Ristorante Didattico - Ivrea\" \/>\n<meta property=\"og:description\" content=\"La tutela della vostra Privacy \u00e8 uno dei nostri principali obiettivi. La presente per fornirVi di seguito le fondamentali informazioni ai sensi dell\u2019art. 13 Regolamento UE n. 2016\/679 (in seguito, \u201cRGPD\u201d) riguardanti il trattamento dei Vostri dati personali da parte di CIAC S.c.r.l. in relazione alla Vostra navigazione sul presente sito e all\u2019utilizzo dei servizi [&hellip;]\" \/>\n<meta property=\"og:url\" content=\"https:\/\/morenica.ciacformazione.it\/index.php\/privacy-policy\/\" \/>\n<meta property=\"og:site_name\" content=\"Morenica Ristorante Didattico - Ivrea\" \/>\n<meta property=\"article:publisher\" content=\"https:\/\/www.facebook.com\/profile.php?id=61553609912237\" \/>\n<meta property=\"article:modified_time\" content=\"2024-06-26T12:43:31+00:00\" \/>\n<meta name=\"twitter:card\" content=\"summary_large_image\" \/>\n<meta name=\"twitter:label1\" content=\"Tempo di lettura stimato\" \/>\n\t<meta name=\"twitter:data1\" content=\"11 minuti\" \/>\n<script type=\"application\/ld+json\" class=\"yoast-schema-graph\">{\"@context\":\"https:\/\/schema.org\",\"@graph\":[{\"@type\":\"WebPage\",\"@id\":\"https:\/\/morenica.ciacformazione.it\/index.php\/privacy-policy\/\",\"url\":\"https:\/\/morenica.ciacformazione.it\/index.php\/privacy-policy\/\",\"name\":\"Privacy Policy - Morenica Ristorante Didattico - Ivrea\",\"isPartOf\":{\"@id\":\"https:\/\/morenica.ciacformazione.it\/#website\"},\"datePublished\":\"2024-01-29T15:27:58+00:00\",\"dateModified\":\"2024-06-26T12:43:31+00:00\",\"breadcrumb\":{\"@id\":\"https:\/\/morenica.ciacformazione.it\/index.php\/privacy-policy\/#breadcrumb\"},\"inLanguage\":\"it-IT\",\"potentialAction\":[{\"@type\":\"ReadAction\",\"target\":[\"https:\/\/morenica.ciacformazione.it\/index.php\/privacy-policy\/\"]}]},{\"@type\":\"BreadcrumbList\",\"@id\":\"https:\/\/morenica.ciacformazione.it\/index.php\/privacy-policy\/#breadcrumb\",\"itemListElement\":[{\"@type\":\"ListItem\",\"position\":1,\"name\":\"Home\",\"item\":\"https:\/\/morenica.ciacformazione.it\/\"},{\"@type\":\"ListItem\",\"position\":2,\"name\":\"Privacy Policy\"}]},{\"@type\":\"WebSite\",\"@id\":\"https:\/\/morenica.ciacformazione.it\/#website\",\"url\":\"https:\/\/morenica.ciacformazione.it\/\",\"name\":\"Morenica Ristorante Didattico - Ivrea\",\"description\":\"\",\"publisher\":{\"@id\":\"https:\/\/morenica.ciacformazione.it\/#organization\"},\"potentialAction\":[{\"@type\":\"SearchAction\",\"target\":{\"@type\":\"EntryPoint\",\"urlTemplate\":\"https:\/\/morenica.ciacformazione.it\/?s={search_term_string}\"},\"query-input\":{\"@type\":\"PropertyValueSpecification\",\"valueRequired\":true,\"valueName\":\"search_term_string\"}}],\"inLanguage\":\"it-IT\"},{\"@type\":\"Organization\",\"@id\":\"https:\/\/morenica.ciacformazione.it\/#organization\",\"name\":\"CIAC\",\"url\":\"https:\/\/morenica.ciacformazione.it\/\",\"logo\":{\"@type\":\"ImageObject\",\"inLanguage\":\"it-IT\",\"@id\":\"https:\/\/morenica.ciacformazione.it\/#\/schema\/logo\/image\/\",\"url\":\"https:\/\/morenica.ciacformazione.it\/wp-content\/uploads\/2024\/06\/CIAC-positivo.png\",\"contentUrl\":\"https:\/\/morenica.ciacformazione.it\/wp-content\/uploads\/2024\/06\/CIAC-positivo.png\",\"width\":1672,\"height\":1671,\"caption\":\"CIAC\"},\"image\":{\"@id\":\"https:\/\/morenica.ciacformazione.it\/#\/schema\/logo\/image\/\"},\"sameAs\":[\"https:\/\/www.facebook.com\/profile.php?id=61553609912237\",\"https:\/\/www.instagram.com\/morenica_ristorante_didattico\"]}]}<\/script>\n<!-- \/ Yoast SEO plugin. -->","yoast_head_json":{"title":"Privacy Policy - Morenica Ristorante Didattico - Ivrea","robots":{"index":"index","follow":"follow","max-snippet":"max-snippet:-1","max-image-preview":"max-image-preview:large","max-video-preview":"max-video-preview:-1"},"canonical":"https:\/\/morenica.ciacformazione.it\/index.php\/privacy-policy\/","og_locale":"it_IT","og_type":"article","og_title":"Privacy Policy - Morenica Ristorante Didattico - Ivrea","og_description":"La tutela della vostra Privacy \u00e8 uno dei nostri principali obiettivi. La presente per fornirVi di seguito le fondamentali informazioni ai sensi dell\u2019art. 13 Regolamento UE n. 2016\/679 (in seguito, \u201cRGPD\u201d) riguardanti il trattamento dei Vostri dati personali da parte di CIAC S.c.r.l. in relazione alla Vostra navigazione sul presente sito e all\u2019utilizzo dei servizi [&hellip;]","og_url":"https:\/\/morenica.ciacformazione.it\/index.php\/privacy-policy\/","og_site_name":"Morenica Ristorante Didattico - Ivrea","article_publisher":"https:\/\/www.facebook.com\/profile.php?id=61553609912237","article_modified_time":"2024-06-26T12:43:31+00:00","twitter_card":"summary_large_image","twitter_misc":{"Tempo di lettura stimato":"11 minuti"},"schema":{"@context":"https:\/\/schema.org","@graph":[{"@type":"WebPage","@id":"https:\/\/morenica.ciacformazione.it\/index.php\/privacy-policy\/","url":"https:\/\/morenica.ciacformazione.it\/index.php\/privacy-policy\/","name":"Privacy Policy - Morenica Ristorante Didattico - Ivrea","isPartOf":{"@id":"https:\/\/morenica.ciacformazione.it\/#website"},"datePublished":"2024-01-29T15:27:58+00:00","dateModified":"2024-06-26T12:43:31+00:00","breadcrumb":{"@id":"https:\/\/morenica.ciacformazione.it\/index.php\/privacy-policy\/#breadcrumb"},"inLanguage":"it-IT","potentialAction":[{"@type":"ReadAction","target":["https:\/\/morenica.ciacformazione.it\/index.php\/privacy-policy\/"]}]},{"@type":"BreadcrumbList","@id":"https:\/\/morenica.ciacformazione.it\/index.php\/privacy-policy\/#breadcrumb","itemListElement":[{"@type":"ListItem","position":1,"name":"Home","item":"https:\/\/morenica.ciacformazione.it\/"},{"@type":"ListItem","position":2,"name":"Privacy Policy"}]},{"@type":"WebSite","@id":"https:\/\/morenica.ciacformazione.it\/#website","url":"https:\/\/morenica.ciacformazione.it\/","name":"Morenica Ristorante Didattico - Ivrea","description":"","publisher":{"@id":"https:\/\/morenica.ciacformazione.it\/#organization"},"potentialAction":[{"@type":"SearchAction","target":{"@type":"EntryPoint","urlTemplate":"https:\/\/morenica.ciacformazione.it\/?s={search_term_string}"},"query-input":{"@type":"PropertyValueSpecification","valueRequired":true,"valueName":"search_term_string"}}],"inLanguage":"it-IT"},{"@type":"Organization","@id":"https:\/\/morenica.ciacformazione.it\/#organization","name":"CIAC","url":"https:\/\/morenica.ciacformazione.it\/","logo":{"@type":"ImageObject","inLanguage":"it-IT","@id":"https:\/\/morenica.ciacformazione.it\/#\/schema\/logo\/image\/","url":"https:\/\/morenica.ciacformazione.it\/wp-content\/uploads\/2024\/06\/CIAC-positivo.png","contentUrl":"https:\/\/morenica.ciacformazione.it\/wp-content\/uploads\/2024\/06\/CIAC-positivo.png","width":1672,"height":1671,"caption":"CIAC"},"image":{"@id":"https:\/\/morenica.ciacformazione.it\/#\/schema\/logo\/image\/"},"sameAs":["https:\/\/www.facebook.com\/profile.php?id=61553609912237","https:\/\/www.instagram.com\/morenica_ristorante_didattico"]}]}},"_links":{"self":[{"href":"https:\/\/morenica.ciacformazione.it\/index.php\/wp-json\/wp\/v2\/pages\/3","targetHints":{"allow":["GET"]}}],"collection":[{"href":"https:\/\/morenica.ciacformazione.it\/index.php\/wp-json\/wp\/v2\/pages"}],"about":[{"href":"https:\/\/morenica.ciacformazione.it\/index.php\/wp-json\/wp\/v2\/types\/page"}],"author":[{"embeddable":true,"href":"https:\/\/morenica.ciacformazione.it\/index.php\/wp-json\/wp\/v2\/users\/1"}],"replies":[{"embeddable":true,"href":"https:\/\/morenica.ciacformazione.it\/index.php\/wp-json\/wp\/v2\/comments?post=3"}],"version-history":[{"count":1,"href":"https:\/\/morenica.ciacformazione.it\/index.php\/wp-json\/wp\/v2\/pages\/3\/revisions"}],"predecessor-version":[{"id":122,"href":"https:\/\/morenica.ciacformazione.it\/index.php\/wp-json\/wp\/v2\/pages\/3\/revisions\/122"}],"wp:attachment":[{"href":"https:\/\/morenica.ciacformazione.it\/index.php\/wp-json\/wp\/v2\/media?parent=3"}],"curies":[{"name":"wp","href":"https:\/\/api.w.org\/{rel}","templated":true}]}}